{"id":20,"date":"2020-11-02T09:09:09","date_gmt":"2020-11-02T09:09:09","guid":{"rendered":"https:\/\/www.schlau-und-schlauer.ch\/?page_id=20"},"modified":"2024-05-10T07:51:01","modified_gmt":"2024-05-10T07:51:01","slug":"test","status":"publish","type":"page","link":"https:\/\/www.schlau-und-schlauer.ch\/?page_id=20","title":{"rendered":"Unser Podcast"},"content":{"rendered":"\n<p>Daniela und Reto sind zwei erfahrene F\u00fchrungskr\u00e4fte aus der Schweiz und Deutschland und haben eine ausgepr\u00e4gte Meinung zu fast allem. Sie diskutieren in diesem Podcast \u00fcber die dominierenden Themen und Trends im t\u00e4glichen Wahnsinn der Schweizer Arbeitswelt und nehmen dabei kein Blatt vor den Mund (nicht mal vielleicht!). <br>Aufgepasst, der Podcast kann Spuren von Schweizerdeutsch enthalten.<\/p>\n\n\n\n<p>Ihr findet uns auf den folgenden Plattformen:<\/p>\n\n\n\n\t\r\n\t<div id=\"podcast-subscribe-button-68\" class=\"secondline-psb-radius-style secondline-psb-alignment-none\">\r\n\t\t\n\n<div id=\"secondline-psb-button-list\">\n\t<div class=\"secondline-psb-subscribe-list\"><ul><li class=\"secondline-psb-subscribe-Apple-Podcasts\"><a onMouseOver=\"this.style.color=`#000000`; this.style.backgroundColor=`#919191`\" onMouseOut=\"this.style.color=`#0a0a0a`; this.style.backgroundColor=`#969696`\" style=\"color:#0a0a0a; background-color:#969696\" class=\"button podcast-subscribe-button\" href=\"https:\/\/podcasts.apple.com\/ch\/podcast\/schlau-und-schlauer-themen-aus-der-arbeitswelt\/id1536051373\" target=\"_blank\"><img decoding=\"async\" class=\"secondline-psb-subscribe-img\" src=\"https:\/\/www.schlau-und-schlauer.ch\/wp-content\/plugins\/podcast-subscribe-buttons\/assets\/img\/icons\/Apple-Podcasts.svg\" alt=\"Apple Podcasts\" \/>Apple Podcasts<\/a><\/li><li class=\"secondline-psb-subscribe-Spotify\"><a onMouseOver=\"this.style.color=`#000000`; this.style.backgroundColor=`#919191`\" onMouseOut=\"this.style.color=`#0a0a0a`; this.style.backgroundColor=`#969696`\" style=\"color:#0a0a0a; background-color:#969696\" class=\"button podcast-subscribe-button\" href=\"https:\/\/open.spotify.com\/show\/0dqOXJodWpiG29joXQWhI4\" target=\"_blank\"><img decoding=\"async\" class=\"secondline-psb-subscribe-img\" src=\"https:\/\/www.schlau-und-schlauer.ch\/wp-content\/plugins\/podcast-subscribe-buttons\/assets\/img\/icons\/Spotify.svg\" alt=\"Spotify\" \/>Spotify<\/a><\/li><\/ul><\/div>                                       \n<\/div> \n\t\t\r\n\t<\/div>\n\n\n\n<p>Und hier gibts jeweils die aktuellste Folge zum Anh\u00f6ren!<\/p>\n\n\n\n<script class=\"podigee-podcast-player\" src=\"https:\/\/player.podigee-cdn.net\/podcast-player\/javascripts\/podigee-podcast-player.js\" data-configuration=\"https:\/\/schlau-und-schlauer.podigee.io\/13-new-episode\/embed?context=external\"><\/script>\n\n\n\n<hr class=\"wp-block-separator has-text-color has-white-color has-css-opacity has-white-background-color has-background is-style-wide\"\/>\n\n\n\n<p>Folgenguide:<\/p>\n\n\n\n<p><a href=\"https:\/\/www.schlau-und-schlauer.ch\/?p=265\" data-type=\"post\" data-id=\"265\" target=\"_blank\" rel=\"noreferrer noopener\">Folge 13 &#8211; Die 4-Tage-Woche<\/a><br><a href=\"https:\/\/www.schlau-und-schlauer.ch\/?p=261\" data-type=\"post\" data-id=\"261\" target=\"_blank\" rel=\"noreferrer noopener\">Folge 12 &#8211; Resilienz Episode 2<\/a><br><a href=\"https:\/\/www.schlau-und-schlauer.ch\/?p=235\" data-type=\"post\" data-id=\"235\">Folge 11 &#8211; Resilienz (oder fast) &#8211; Teil 1<\/a><br><a href=\"https:\/\/www.schlau-und-schlauer.ch\/?p=233\" data-type=\"post\" data-id=\"233\">Folge 10 &#8211; Weihnachtsfolge<\/a><br><a href=\"https:\/\/www.schlau-und-schlauer.ch\/?p=231\" data-type=\"post\" data-id=\"231\">Folge 9 &#8211; Geben und Nehmen<\/a><br><a href=\"https:\/\/www.schlau-und-schlauer.ch\/?p=229\">Folge 8 &#8211; K\u00fcnstliche Intelligenz<\/a><br><a href=\"https:\/\/www.schlau-und-schlauer.ch\/?p=213\">Folge 7 &#8211; Fake Work<\/a><br><a href=\"https:\/\/www.schlau-und-schlauer.ch\/?p=211\">Folge 6 &#8211; Zeitmanagement<\/a><br><a href=\"https:\/\/www.schlau-und-schlauer.ch\/?p=204\">Folge 5 &#8211; Meetingkultur<\/a><br><a href=\"https:\/\/www.schlau-und-schlauer.ch\/?p=195\">Folge 4 &#8211; Die moderne F\u00fchrungskraft<\/a><br><a href=\"https:\/\/www.schlau-und-schlauer.ch\/?p=191\" data-type=\"link\" data-id=\"https:\/\/www.schlau-und-schlauer.ch\/?p=191\">Folge 3 &#8211; Motivation<\/a><br><a href=\"https:\/\/www.schlau-und-schlauer.ch\/?p=184\" data-type=\"link\" data-id=\"https:\/\/www.schlau-und-schlauer.ch\/?p=184\">Folge 2 &#8211; Mitarbeitergespr\u00e4che<\/a><br><a href=\"https:\/\/www.schlau-und-schlauer.ch\/?p=167\">Folge 1 &#8211; State of the Union<\/a><br><br><br><br><br><br><br><br><br><br><\/p>\n","protected":false},"excerpt":{"rendered":"<p>Daniela und Reto sind zwei erfahrene F\u00fchrungskr\u00e4fte aus der Schweiz und Deutschland und haben eine ausgepr\u00e4gte Meinung zu fast allem.<\/p>\n<p class=\"more-link\"><a href=\"https:\/\/www.schlau-und-schlauer.ch\/?page_id=20\" class=\"readmore\">Weiterlesen&#8230;<span class=\"screen-reader-text\">Unser Podcast<\/span><\/a><\/p>\n","protected":false},"author":2,"featured_media":0,"parent":0,"menu_order":0,"comment_status":"closed","ping_status":"closed","template":"templates\/full-width-page.php","meta":{"footnotes":""},"_links":{"self":[{"href":"https:\/\/www.schlau-und-schlauer.ch\/index.php?rest_route=\/wp\/v2\/pages\/20"}],"collection":[{"href":"https:\/\/www.schlau-und-schlauer.ch\/index.php?rest_route=\/wp\/v2\/pages"}],"about":[{"href":"https:\/\/www.schlau-und-schlauer.ch\/index.php?rest_route=\/wp\/v2\/types\/page"}],"author":[{"embeddable":true,"href":"https:\/\/www.schlau-und-schlauer.ch\/index.php?rest_route=\/wp\/v2\/users\/2"}],"replies":[{"embeddable":true,"href":"https:\/\/www.schlau-und-schlauer.ch\/index.php?rest_route=%2Fwp%2Fv2%2Fcomments&post=20"}],"version-history":[{"count":29,"href":"https:\/\/www.schlau-und-schlauer.ch\/index.php?rest_route=\/wp\/v2\/pages\/20\/revisions"}],"predecessor-version":[{"id":268,"href":"https:\/\/www.schlau-und-schlauer.ch\/index.php?rest_route=\/wp\/v2\/pages\/20\/revisions\/268"}],"wp:attachment":[{"href":"https:\/\/www.schlau-und-schlauer.ch\/index.php?rest_route=%2Fwp%2Fv2%2Fmedia&parent=20"}],"curies":[{"name":"wp","href":"https:\/\/api.w.org\/{rel}","templated":true}]}}